{"id":2521,"date":"2023-12-11T12:22:26","date_gmt":"2023-12-11T15:22:26","guid":{"rendered":"https:\/\/assistenciasupertec.com.br\/?page_id=2521"},"modified":"2023-12-13T16:41:39","modified_gmt":"2023-12-13T19:41:39","slug":"blogsupertec","status":"publish","type":"page","link":"https:\/\/assistenciasupertec.com.br\/paginaprincipal\/blogsupertec\/","title":{"rendered":"Pagina de Blog"},"content":{"rendered":"\t\t<div data-elementor-type=\"wp-page\" data-elementor-id=\"2521\" class=\"elementor elementor-2521\">\n\t\t\t\t\t\t<section class=\"elementor-section elementor-top-section elementor-element elementor-element-a2bfabd elementor-section-boxed elementor-section-height-default elementor-section-height-default\" data-id=\"a2bfabd\" data-element_type=\"section\">\n\t\t\t\t\t\t<div class=\"elementor-container elementor-column-gap-default\">\n\t\t\t\t\t<div class=\"elementor-column elementor-col-100 elementor-top-column elementor-element elementor-element-116c64f\" data-id=\"116c64f\" data-element_type=\"column\">\n\t\t\t<div class=\"elementor-widget-wrap elementor-element-populated\">\n\t\t\t\t\t\t<div class=\"elementor-element elementor-element-c67d01f elementor-widget elementor-widget-heading\" data-id=\"c67d01f\" data-element_type=\"widget\" data-widget_type=\"heading.default\">\n\t\t\t\t<div class=\"elementor-widget-container\">\n\t\t\t<h2 class=\"elementor-heading-title elementor-size-default\">Bem vindo ao espa\u00e7o criado para tirar suas poss\u00edveis d\u00favidas.<\/h2>\t\t<\/div>\n\t\t\t\t<\/div>\n\t\t\t\t<div class=\"elementor-element elementor-element-1a74138 elementor-widget elementor-widget-heading\" data-id=\"1a74138\" data-element_type=\"widget\" data-widget_type=\"heading.default\">\n\t\t\t\t<div class=\"elementor-widget-container\">\n\t\t\t<h4 class=\"elementor-heading-title elementor-size-default\">Neste espa\u00e7o adicionamos conte\u00fado que possa ser de grande \u00fatilidade para voc\u00ca!<\/h4>\t\t<\/div>\n\t\t\t\t<\/div>\n\t\t\t\t\t<\/div>\n\t\t<\/div>\n\t\t\t\t\t<\/div>\n\t\t<\/section>\n\t\t\t\t<section class=\"elementor-section elementor-top-section elementor-element elementor-element-f4464b8 elementor-section-boxed elementor-section-height-default elementor-section-height-default\" data-id=\"f4464b8\" data-element_type=\"section\">\n\t\t\t\t\t\t<div class=\"elementor-container elementor-column-gap-default\">\n\t\t\t\t\t<div class=\"elementor-column elementor-col-100 elementor-top-column elementor-element elementor-element-65b2537\" data-id=\"65b2537\" data-element_type=\"column\">\n\t\t\t<div class=\"elementor-widget-wrap elementor-element-populated\">\n\t\t\t\t\t\t<div class=\"elementor-element elementor-element-59587eb elementor-grid-3 elementor-grid-tablet-2 elementor-grid-mobile-1 elementor-posts--thumbnail-top elementor-widget elementor-widget-posts\" data-id=\"59587eb\" data-element_type=\"widget\" data-settings=\"{&quot;classic_columns&quot;:&quot;3&quot;,&quot;classic_columns_tablet&quot;:&quot;2&quot;,&quot;classic_columns_mobile&quot;:&quot;1&quot;,&quot;classic_row_gap&quot;:{&quot;unit&quot;:&quot;px&quot;,&quot;size&quot;:35,&quot;sizes&quot;:[]},&quot;classic_row_gap_tablet&quot;:{&quot;unit&quot;:&quot;px&quot;,&quot;size&quot;:&quot;&quot;,&quot;sizes&quot;:[]},&quot;classic_row_gap_mobile&quot;:{&quot;unit&quot;:&quot;px&quot;,&quot;size&quot;:&quot;&quot;,&quot;sizes&quot;:[]}}\" data-widget_type=\"posts.classic\">\n\t\t\t\t<div class=\"elementor-widget-container\">\n\t\t\t\t\t<div class=\"elementor-posts-container elementor-posts elementor-posts--skin-classic elementor-grid\">\n\t\t\t\t<article class=\"elementor-post elementor-grid-item post-2562 post type-post status-publish format-standard has-post-thumbnail hentry category-noticias tag-atualizacoes tag-backup tag-erros tag-preventiva tag-windows\">\n\t\t\t\t<a class=\"elementor-post__thumbnail__link\" href=\"https:\/\/assistenciasupertec.com.br\/paginaprincipal\/mantenha-se-atualizado-e-brilhando\/\" >\n\t\t\t<div class=\"elementor-post__thumbnail\"><img fetchpriority=\"high\" decoding=\"async\" width=\"1024\" height=\"682\" src=\"https:\/\/assistenciasupertec.com.br\/wp-content\/uploads\/2023\/12\/WhatsApp-Image-2023-12-11-at-09.53.25-1024x682.jpeg\" class=\"attachment-large size-large wp-image-2571\" alt=\"\" srcset=\"https:\/\/assistenciasupertec.com.br\/wp-content\/uploads\/2023\/12\/WhatsApp-Image-2023-12-11-at-09.53.25-1024x682.jpeg 1024w, https:\/\/assistenciasupertec.com.br\/wp-content\/uploads\/2023\/12\/WhatsApp-Image-2023-12-11-at-09.53.25-300x200.jpeg 300w, https:\/\/assistenciasupertec.com.br\/wp-content\/uploads\/2023\/12\/WhatsApp-Image-2023-12-11-at-09.53.25-768x512.jpeg 768w, https:\/\/assistenciasupertec.com.br\/wp-content\/uploads\/2023\/12\/WhatsApp-Image-2023-12-11-at-09.53.25-1536x1023.jpeg 1536w, https:\/\/assistenciasupertec.com.br\/wp-content\/uploads\/2023\/12\/WhatsApp-Image-2023-12-11-at-09.53.25-600x400.jpeg 600w, https:\/\/assistenciasupertec.com.br\/wp-content\/uploads\/2023\/12\/WhatsApp-Image-2023-12-11-at-09.53.25.jpeg 1600w\" sizes=\"(max-width: 1024px) 100vw, 1024px\" \/><\/div>\n\t\t<\/a>\n\t\t\t\t<div class=\"elementor-post__text\">\n\t\t\t\t<h3 class=\"elementor-post__title\">\n\t\t\t<a href=\"https:\/\/assistenciasupertec.com.br\/paginaprincipal\/mantenha-se-atualizado-e-brilhando\/\" >\n\t\t\t\tMantenha-se atualizado\t\t\t<\/a>\n\t\t<\/h3>\n\t\t\t\t<div class=\"elementor-post__meta-data\">\n\t\t\t\t\t<span class=\"elementor-post-date\">\n\t\t\t13 de dezembro de 2023\t\t<\/span>\n\t\t\t\t<\/div>\n\t\t\t\t<div class=\"elementor-post__excerpt\">\n\t\t\t<p>Como fazer atualiza\u00e7\u00f5es e preventivas.<\/p>\n\t\t<\/div>\n\t\t\n\t\t<a class=\"elementor-post__read-more\" href=\"https:\/\/assistenciasupertec.com.br\/paginaprincipal\/mantenha-se-atualizado-e-brilhando\/\" aria-label=\"Read more about Mantenha-se atualizado\" >\n\t\t\tLeia Mais \u00bb\t\t<\/a>\n\n\t\t\t\t<\/div>\n\t\t\t\t<\/article>\n\t\t\t\t<article class=\"elementor-post elementor-grid-item post-2556 post type-post status-publish format-standard has-post-thumbnail hentry category-noticias tag-eletroeletronico tag-eletronicos tag-misterio\">\n\t\t\t\t<a class=\"elementor-post__thumbnail__link\" href=\"https:\/\/assistenciasupertec.com.br\/paginaprincipal\/enigmas-eletronicos\/\" >\n\t\t\t<div class=\"elementor-post__thumbnail\"><img decoding=\"async\" width=\"1024\" height=\"1024\" src=\"https:\/\/assistenciasupertec.com.br\/wp-content\/uploads\/2023\/12\/WhatsApp-Image-2023-12-11-at-09.53.24-1-1024x1024.jpeg\" class=\"attachment-large size-large wp-image-2572\" alt=\"\" srcset=\"https:\/\/assistenciasupertec.com.br\/wp-content\/uploads\/2023\/12\/WhatsApp-Image-2023-12-11-at-09.53.24-1-1024x1024.jpeg 1024w, https:\/\/assistenciasupertec.com.br\/wp-content\/uploads\/2023\/12\/WhatsApp-Image-2023-12-11-at-09.53.24-1-300x300.jpeg 300w, https:\/\/assistenciasupertec.com.br\/wp-content\/uploads\/2023\/12\/WhatsApp-Image-2023-12-11-at-09.53.24-1-150x150.jpeg 150w, https:\/\/assistenciasupertec.com.br\/wp-content\/uploads\/2023\/12\/WhatsApp-Image-2023-12-11-at-09.53.24-1-768x768.jpeg 768w, https:\/\/assistenciasupertec.com.br\/wp-content\/uploads\/2023\/12\/WhatsApp-Image-2023-12-11-at-09.53.24-1-1536x1536.jpeg 1536w, https:\/\/assistenciasupertec.com.br\/wp-content\/uploads\/2023\/12\/WhatsApp-Image-2023-12-11-at-09.53.24-1-600x600.jpeg 600w, https:\/\/assistenciasupertec.com.br\/wp-content\/uploads\/2023\/12\/WhatsApp-Image-2023-12-11-at-09.53.24-1-100x100.jpeg 100w, https:\/\/assistenciasupertec.com.br\/wp-content\/uploads\/2023\/12\/WhatsApp-Image-2023-12-11-at-09.53.24-1-50x50.jpeg 50w, https:\/\/assistenciasupertec.com.br\/wp-content\/uploads\/2023\/12\/WhatsApp-Image-2023-12-11-at-09.53.24-1.jpeg 1600w\" sizes=\"(max-width: 1024px) 100vw, 1024px\" \/><\/div>\n\t\t<\/a>\n\t\t\t\t<div class=\"elementor-post__text\">\n\t\t\t\t<h3 class=\"elementor-post__title\">\n\t\t\t<a href=\"https:\/\/assistenciasupertec.com.br\/paginaprincipal\/enigmas-eletronicos\/\" >\n\t\t\t\tEnigmas Eletr\u00f4nicos\t\t\t<\/a>\n\t\t<\/h3>\n\t\t\t\t<div class=\"elementor-post__meta-data\">\n\t\t\t\t\t<span class=\"elementor-post-date\">\n\t\t\t13 de dezembro de 2023\t\t<\/span>\n\t\t\t\t<\/div>\n\t\t\t\t<div class=\"elementor-post__excerpt\">\n\t\t\t<p>Desvendando os mist\u00e9rios mais comuns para iniciantes da tecnologia.<\/p>\n\t\t<\/div>\n\t\t\n\t\t<a class=\"elementor-post__read-more\" href=\"https:\/\/assistenciasupertec.com.br\/paginaprincipal\/enigmas-eletronicos\/\" aria-label=\"Read more about Enigmas Eletr\u00f4nicos\" >\n\t\t\tLeia Mais \u00bb\t\t<\/a>\n\n\t\t\t\t<\/div>\n\t\t\t\t<\/article>\n\t\t\t\t<article class=\"elementor-post elementor-grid-item post-2527 post type-post status-publish format-standard has-post-thumbnail hentry category-noticias tag-aparelho tag-vida tag-vida-util\">\n\t\t\t\t<a class=\"elementor-post__thumbnail__link\" href=\"https:\/\/assistenciasupertec.com.br\/paginaprincipal\/cuidado-com-os-eletronicos\/\" >\n\t\t\t<div class=\"elementor-post__thumbnail\"><img decoding=\"async\" width=\"1024\" height=\"1024\" src=\"https:\/\/assistenciasupertec.com.br\/wp-content\/uploads\/2023\/12\/WhatsApp-Image-2023-12-11-at-09.53.25-2-1024x1024.jpeg\" class=\"attachment-large size-large wp-image-2574\" alt=\"\" srcset=\"https:\/\/assistenciasupertec.com.br\/wp-content\/uploads\/2023\/12\/WhatsApp-Image-2023-12-11-at-09.53.25-2-1024x1024.jpeg 1024w, https:\/\/assistenciasupertec.com.br\/wp-content\/uploads\/2023\/12\/WhatsApp-Image-2023-12-11-at-09.53.25-2-300x300.jpeg 300w, https:\/\/assistenciasupertec.com.br\/wp-content\/uploads\/2023\/12\/WhatsApp-Image-2023-12-11-at-09.53.25-2-150x150.jpeg 150w, https:\/\/assistenciasupertec.com.br\/wp-content\/uploads\/2023\/12\/WhatsApp-Image-2023-12-11-at-09.53.25-2-768x768.jpeg 768w, https:\/\/assistenciasupertec.com.br\/wp-content\/uploads\/2023\/12\/WhatsApp-Image-2023-12-11-at-09.53.25-2-1536x1536.jpeg 1536w, https:\/\/assistenciasupertec.com.br\/wp-content\/uploads\/2023\/12\/WhatsApp-Image-2023-12-11-at-09.53.25-2-600x600.jpeg 600w, https:\/\/assistenciasupertec.com.br\/wp-content\/uploads\/2023\/12\/WhatsApp-Image-2023-12-11-at-09.53.25-2-100x100.jpeg 100w, https:\/\/assistenciasupertec.com.br\/wp-content\/uploads\/2023\/12\/WhatsApp-Image-2023-12-11-at-09.53.25-2-50x50.jpeg 50w, https:\/\/assistenciasupertec.com.br\/wp-content\/uploads\/2023\/12\/WhatsApp-Image-2023-12-11-at-09.53.25-2.jpeg 1600w\" sizes=\"(max-width: 1024px) 100vw, 1024px\" \/><\/div>\n\t\t<\/a>\n\t\t\t\t<div class=\"elementor-post__text\">\n\t\t\t\t<h3 class=\"elementor-post__title\">\n\t\t\t<a href=\"https:\/\/assistenciasupertec.com.br\/paginaprincipal\/cuidado-com-os-eletronicos\/\" >\n\t\t\t\ta vida \u00fatil do seu aparelho\t\t\t<\/a>\n\t\t<\/h3>\n\t\t\t\t<div class=\"elementor-post__meta-data\">\n\t\t\t\t\t<span class=\"elementor-post-date\">\n\t\t\t11 de dezembro de 2023\t\t<\/span>\n\t\t\t\t<\/div>\n\t\t\t\t<div class=\"elementor-post__excerpt\">\n\t\t\t<p>Trataremos sobre a vida \u00fatil do seu aparelho. <\/p>\n\t\t<\/div>\n\t\t\n\t\t<a class=\"elementor-post__read-more\" href=\"https:\/\/assistenciasupertec.com.br\/paginaprincipal\/cuidado-com-os-eletronicos\/\" aria-label=\"Read more about a vida \u00fatil do seu aparelho\" >\n\t\t\tLeia Mais \u00bb\t\t<\/a>\n\n\t\t\t\t<\/div>\n\t\t\t\t<\/article>\n\t\t\t\t<\/div>\n\t\t\n\t\t\t\t<\/div>\n\t\t\t\t<\/div>\n\t\t\t\t\t<\/div>\n\t\t<\/div>\n\t\t\t\t\t<\/div>\n\t\t<\/section>\n\t\t\t\t<\/div>\n\t\t","protected":false},"excerpt":{"rendered":"<p>Bem vindo ao espa\u00e7o criado para tirar suas poss\u00edveis d\u00favidas. Neste espa\u00e7o adicionamos conte\u00fado que possa ser de grande&#8230;<\/p>\n","protected":false},"author":1,"featured_media":0,"parent":0,"menu_order":0,"comment_status":"closed","ping_status":"closed","template":"","meta":{"om_disable_all_campaigns":false,"_kad_blocks_custom_css":"","_kad_blocks_head_custom_js":"","_kad_blocks_body_custom_js":"","_kad_blocks_footer_custom_js":"","_monsterinsights_skip_tracking":false,"_monsterinsights_sitenote_active":false,"_monsterinsights_sitenote_note":"","_monsterinsights_sitenote_category":0,"_kadence_starter_templates_imported_post":false,"_kad_post_transparent":"","_kad_post_title":"hide","_kad_post_layout":"fullwidth","_kad_post_sidebar_id":"","_kad_post_content_style":"unboxed","_kad_post_vertical_padding":"hide","_kad_post_feature":"hide","_kad_post_feature_position":"","_kad_post_header":false,"_kad_post_footer":false,"footnotes":""},"class_list":["post-2521","page","type-page","status-publish","hentry"],"aioseo_notices":[],"featured_image_src_large":false,"author_info":{"display_name":"superfast.mkt@gmail.com","author_link":"https:\/\/assistenciasupertec.com.br\/paginaprincipal\/author\/superfast-mktgmail-com\/"},"comment_info":0,"taxonomy_info":[],"wps_subtitle":"","_links":{"self":[{"href":"https:\/\/assistenciasupertec.com.br\/paginaprincipal\/wp-json\/wp\/v2\/pages\/2521"}],"collection":[{"href":"https:\/\/assistenciasupertec.com.br\/paginaprincipal\/wp-json\/wp\/v2\/pages"}],"about":[{"href":"https:\/\/assistenciasupertec.com.br\/paginaprincipal\/wp-json\/wp\/v2\/types\/page"}],"author":[{"embeddable":true,"href":"https:\/\/assistenciasupertec.com.br\/paginaprincipal\/wp-json\/wp\/v2\/users\/1"}],"replies":[{"embeddable":true,"href":"https:\/\/assistenciasupertec.com.br\/paginaprincipal\/wp-json\/wp\/v2\/comments?post=2521"}],"version-history":[{"count":17,"href":"https:\/\/assistenciasupertec.com.br\/paginaprincipal\/wp-json\/wp\/v2\/pages\/2521\/revisions"}],"predecessor-version":[{"id":2593,"href":"https:\/\/assistenciasupertec.com.br\/paginaprincipal\/wp-json\/wp\/v2\/pages\/2521\/revisions\/2593"}],"wp:attachment":[{"href":"https:\/\/assistenciasupertec.com.br\/paginaprincipal\/wp-json\/wp\/v2\/media?parent=2521"}],"curies":[{"name":"wp","href":"https:\/\/api.w.org\/{rel}","templated":true}]}}