{"id":2006,"date":"2023-06-05T18:19:56","date_gmt":"2023-06-05T18:19:56","guid":{"rendered":"https:\/\/assistenciasupertec.com.br\/?page_id=2006"},"modified":"2023-06-06T15:54:38","modified_gmt":"2023-06-06T15:54:38","slug":"asus","status":"publish","type":"page","link":"https:\/\/assistenciasupertec.com.br\/paginaprincipal\/asus\/","title":{"rendered":"ASUS"},"content":{"rendered":"\t\t<div data-elementor-type=\"wp-page\" data-elementor-id=\"2006\" class=\"elementor elementor-2006\">\n\t\t\t\t\t\t<section class=\"elementor-section elementor-top-section elementor-element elementor-element-c3859fa elementor-section-boxed elementor-section-height-default elementor-section-height-default\" data-id=\"c3859fa\" data-element_type=\"section\" data-settings=\"{&quot;background_background&quot;:&quot;classic&quot;}\">\n\t\t\t\t\t\t<div class=\"elementor-container elementor-column-gap-default\">\n\t\t\t\t\t<div class=\"elementor-column elementor-col-100 elementor-top-column elementor-element elementor-element-92dc5cd\" data-id=\"92dc5cd\" data-element_type=\"column\">\n\t\t\t<div class=\"elementor-widget-wrap elementor-element-populated\">\n\t\t\t\t\t\t<div class=\"elementor-element elementor-element-6c80427 elementor-widget elementor-widget-heading\" data-id=\"6c80427\" data-element_type=\"widget\" data-widget_type=\"heading.default\">\n\t\t\t\t<div class=\"elementor-widget-container\">\n\t\t\t<h2 class=\"elementor-heading-title elementor-size-default\">sOLU\u00c7\u00d5ES CONFI\u00c1VEIS E EFICIENTES PARA PROBLEMAS COM SEU ASUS<\/h2>\t\t<\/div>\n\t\t\t\t<\/div>\n\t\t\t\t<div class=\"elementor-element elementor-element-eeb8f22 elementor-widget__width-initial elementor-widget elementor-widget-heading\" data-id=\"eeb8f22\" data-element_type=\"widget\" data-widget_type=\"heading.default\">\n\t\t\t\t<div class=\"elementor-widget-container\">\n\t\t\t<div class=\"elementor-heading-title elementor-size-default\">Deixe seu ASUS na m\u00e3o de especialistas!<\/div>\t\t<\/div>\n\t\t\t\t<\/div>\n\t\t\t\t<div class=\"elementor-element elementor-element-b1d24a6 elementor-mobile-align-center elementor-align-center elementor-widget__width-initial elementor-widget elementor-widget-button\" data-id=\"b1d24a6\" data-element_type=\"widget\" data-widget_type=\"button.default\">\n\t\t\t\t<div class=\"elementor-widget-container\">\n\t\t\t\t\t\t\t<div class=\"elementor-button-wrapper\">\n\t\t\t\t\t<a class=\"elementor-button elementor-button-link elementor-size-xl elementor-animation-grow\" href=\"https:\/\/wa.me\/551127743502?text=Ola,+gostaria+de+fazer+um+or\u00e7amento,+por+favor\">\n\t\t\t\t\t\t<span class=\"elementor-button-content-wrapper\">\n\t\t\t\t\t\t<span class=\"elementor-button-icon\">\n\t\t\t\t<svg aria-hidden=\"true\" class=\"e-font-icon-svg e-fab-whatsapp\" viewBox=\"0 0 448 512\" xmlns=\"http:\/\/www.w3.org\/2000\/svg\"><path d=\"M380.9 97.1C339 55.1 283.2 32 223.9 32c-122.4 0-222 99.6-222 222 0 39.1 10.2 77.3 29.6 111L0 480l117.7-30.9c32.4 17.7 68.9 27 106.1 27h.1c122.3 0 224.1-99.6 224.1-222 0-59.3-25.2-115-67.1-157zm-157 341.6c-33.2 0-65.7-8.9-94-25.7l-6.7-4-69.8 18.3L72 359.2l-4.4-7c-18.5-29.4-28.2-63.3-28.2-98.2 0-101.7 82.8-184.5 184.6-184.5 49.3 0 95.6 19.2 130.4 54.1 34.8 34.9 56.2 81.2 56.1 130.5 0 101.8-84.9 184.6-186.6 184.6zm101.2-138.2c-5.5-2.8-32.8-16.2-37.9-18-5.1-1.9-8.8-2.8-12.5 2.8-3.7 5.6-14.3 18-17.6 21.8-3.2 3.7-6.5 4.2-12 1.4-32.6-16.3-54-29.1-75.5-66-5.7-9.8 5.7-9.1 16.3-30.3 1.8-3.7.9-6.9-.5-9.7-1.4-2.8-12.5-30.1-17.1-41.2-4.5-10.8-9.1-9.3-12.5-9.5-3.2-.2-6.9-.2-10.6-.2-3.7 0-9.7 1.4-14.8 6.9-5.1 5.6-19.4 19-19.4 46.3 0 27.3 19.9 53.7 22.6 57.4 2.8 3.7 39.1 59.7 94.8 83.8 35.2 15.2 49 16.5 66.6 13.9 10.7-1.6 32.8-13.4 37.4-26.4 4.6-13 4.6-24.1 3.2-26.4-1.3-2.5-5-3.9-10.5-6.6z\"><\/path><\/svg>\t\t\t<\/span>\n\t\t\t\t\t\t\t\t\t<span class=\"elementor-button-text\">(11) 2774-3502<\/span>\n\t\t\t\t\t<\/span>\n\t\t\t\t\t<\/a>\n\t\t\t\t<\/div>\n\t\t\t\t\t\t<\/div>\n\t\t\t\t<\/div>\n\t\t\t\t\t<\/div>\n\t\t<\/div>\n\t\t\t\t\t<\/div>\n\t\t<\/section>\n\t\t\t\t<section class=\"elementor-section elementor-top-section elementor-element elementor-element-4a43c0f elementor-hidden-tablet elementor-hidden-mobile elementor-section-boxed elementor-section-height-default elementor-section-height-default\" data-id=\"4a43c0f\" data-element_type=\"section\" data-settings=\"{&quot;background_background&quot;:&quot;gradient&quot;}\">\n\t\t\t\t\t\t<div class=\"elementor-container elementor-column-gap-default\">\n\t\t\t\t\t<div class=\"elementor-column elementor-col-100 elementor-top-column elementor-element elementor-element-82a728b\" data-id=\"82a728b\" data-element_type=\"column\">\n\t\t\t<div class=\"elementor-widget-wrap elementor-element-populated\">\n\t\t\t\t\t\t<div class=\"elementor-element elementor-element-939430b elementor-widget-mobile__width-initial elementor-widget__width-initial elementor-widget elementor-widget-text-editor\" data-id=\"939430b\" data-element_type=\"widget\" data-widget_type=\"text-editor.default\">\n\t\t\t\t<div class=\"elementor-widget-container\">\n\t\t\t\t\t\t\t<p>Seu notebook ASUS est\u00e1 apresentando problemas? N\u00e3o se preocupe, temos a solu\u00e7\u00e3o perfeita para voc\u00ea! Nossa empresa oferece servi\u00e7os de reparo de notebooks ASUS com pe\u00e7as originais e profissionais altamente qualificados para garantir a melhor qualidade de reparo.<\/p><p>N\u00e3o deixe que um simples problema impe\u00e7a voc\u00ea de aproveitar seu notebook ASUS ao m\u00e1ximo.<\/p>\t\t\t\t\t\t<\/div>\n\t\t\t\t<\/div>\n\t\t\t\t<div class=\"elementor-element elementor-element-61a560e elementor-widget__width-initial elementor-widget elementor-widget-image\" data-id=\"61a560e\" data-element_type=\"widget\" data-widget_type=\"image.default\">\n\t\t\t\t<div class=\"elementor-widget-container\">\n\t\t\t\t\t\t\t\t\t\t\t\t\t<img fetchpriority=\"high\" decoding=\"async\" width=\"768\" height=\"768\" src=\"https:\/\/assistenciasupertec.com.br\/wp-content\/uploads\/2023\/06\/ASUS-NOTEBOOK-PNG-768x768.png\" class=\"attachment-medium_large size-medium_large wp-image-2071\" alt=\"\" srcset=\"https:\/\/assistenciasupertec.com.br\/wp-content\/uploads\/2023\/06\/ASUS-NOTEBOOK-PNG-768x768.png 768w, https:\/\/assistenciasupertec.com.br\/wp-content\/uploads\/2023\/06\/ASUS-NOTEBOOK-PNG-300x300.png 300w, https:\/\/assistenciasupertec.com.br\/wp-content\/uploads\/2023\/06\/ASUS-NOTEBOOK-PNG-1024x1024.png 1024w, https:\/\/assistenciasupertec.com.br\/wp-content\/uploads\/2023\/06\/ASUS-NOTEBOOK-PNG-150x150.png 150w, https:\/\/assistenciasupertec.com.br\/wp-content\/uploads\/2023\/06\/ASUS-NOTEBOOK-PNG-600x600.png 600w, https:\/\/assistenciasupertec.com.br\/wp-content\/uploads\/2023\/06\/ASUS-NOTEBOOK-PNG-100x100.png 100w, https:\/\/assistenciasupertec.com.br\/wp-content\/uploads\/2023\/06\/ASUS-NOTEBOOK-PNG-50x50.png 50w, https:\/\/assistenciasupertec.com.br\/wp-content\/uploads\/2023\/06\/ASUS-NOTEBOOK-PNG.png 1080w\" sizes=\"(max-width: 768px) 100vw, 768px\" \/>\t\t\t\t\t\t\t\t\t\t\t\t\t<\/div>\n\t\t\t\t<\/div>\n\t\t\t\t<div class=\"elementor-element elementor-element-3af921d elementor-widget__width-initial elementor-widget elementor-widget-text-editor\" data-id=\"3af921d\" data-element_type=\"widget\" data-widget_type=\"text-editor.default\">\n\t\t\t\t<div class=\"elementor-widget-container\">\n\t\t\t\t\t\t\t<p>Confie em n\u00f3s para resolver qualquer problema,<br>desde uma tela quebrada at\u00e9 problemas de hardware e software. N\u00e3o perca mais tempo, traga seu notebook ASUS para n\u00f3s e experimente a melhor experi\u00eancia de reparo de notebook que voc\u00ea j\u00e1 teve!<\/p>\t\t\t\t\t\t<\/div>\n\t\t\t\t<\/div>\n\t\t\t\t<div class=\"elementor-element elementor-element-6761499 elementor-widget__width-initial elementor-widget elementor-widget-text-editor\" data-id=\"6761499\" data-element_type=\"widget\" data-widget_type=\"text-editor.default\">\n\t\t\t\t<div class=\"elementor-widget-container\">\n\t\t\t\t\t\t\t<p><span style=\"font-family: Arial, sans-serif; font-weight: 900;\"><br \/>N\u00e3o deixe que os problemas com seu ASUS atrapalhem sua produtividade e divers\u00e3o. Procure nosso servi\u00e7o de conserto confi\u00e1vel e experimente a satisfa\u00e7\u00e3o de ter seu dispositivo funcionando como novo novamente.\u00a0<\/span><\/p><p style=\"text-align: center;\"><span style=\"color: #ffffff;\"><strong>Deixe seu Surface nas m\u00e3os de especialistas!<\/strong><\/span><\/p>\t\t\t\t\t\t<\/div>\n\t\t\t\t<\/div>\n\t\t\t\t\t<\/div>\n\t\t<\/div>\n\t\t\t\t\t<\/div>\n\t\t<\/section>\n\t\t\t\t<\/div>\n\t\t","protected":false},"excerpt":{"rendered":"<p>sOLU\u00c7\u00d5ES CONFI\u00c1VEIS E EFICIENTES PARA PROBLEMAS COM SEU ASUS Deixe seu ASUS na m\u00e3o de especialistas! (11) 2774-3502 Seu notebook ASUS est\u00e1 apresentando problemas? N\u00e3o se preocupe, temos a solu\u00e7\u00e3o perfeita para voc\u00ea! Nossa empresa oferece servi\u00e7os de reparo de notebooks ASUS com pe\u00e7as originais e profissionais altamente qualificados para garantir a melhor qualidade de&#8230;<\/p>\n","protected":false},"author":1,"featured_media":0,"parent":0,"menu_order":0,"comment_status":"closed","ping_status":"closed","template":"","meta":{"om_disable_all_campaigns":false,"_kad_blocks_custom_css":"","_kad_blocks_head_custom_js":"","_kad_blocks_body_custom_js":"","_kad_blocks_footer_custom_js":"","_monsterinsights_skip_tracking":false,"_monsterinsights_sitenote_active":false,"_monsterinsights_sitenote_note":"","_monsterinsights_sitenote_category":0,"_kadence_starter_templates_imported_post":false,"_kad_post_transparent":"","_kad_post_title":"hide","_kad_post_layout":"fullwidth","_kad_post_sidebar_id":"","_kad_post_content_style":"unboxed","_kad_post_vertical_padding":"hide","_kad_post_feature":"hide","_kad_post_feature_position":"","_kad_post_header":false,"_kad_post_footer":false,"footnotes":""},"class_list":["post-2006","page","type-page","status-publish","hentry"],"aioseo_notices":[],"featured_image_src_large":false,"author_info":{"display_name":"superfast.mkt@gmail.com","author_link":"https:\/\/assistenciasupertec.com.br\/paginaprincipal\/author\/superfast-mktgmail-com\/"},"comment_info":0,"taxonomy_info":[],"wps_subtitle":"","_links":{"self":[{"href":"https:\/\/assistenciasupertec.com.br\/paginaprincipal\/wp-json\/wp\/v2\/pages\/2006"}],"collection":[{"href":"https:\/\/assistenciasupertec.com.br\/paginaprincipal\/wp-json\/wp\/v2\/pages"}],"about":[{"href":"https:\/\/assistenciasupertec.com.br\/paginaprincipal\/wp-json\/wp\/v2\/types\/page"}],"author":[{"embeddable":true,"href":"https:\/\/assistenciasupertec.com.br\/paginaprincipal\/wp-json\/wp\/v2\/users\/1"}],"replies":[{"embeddable":true,"href":"https:\/\/assistenciasupertec.com.br\/paginaprincipal\/wp-json\/wp\/v2\/comments?post=2006"}],"version-history":[{"count":25,"href":"https:\/\/assistenciasupertec.com.br\/paginaprincipal\/wp-json\/wp\/v2\/pages\/2006\/revisions"}],"predecessor-version":[{"id":2280,"href":"https:\/\/assistenciasupertec.com.br\/paginaprincipal\/wp-json\/wp\/v2\/pages\/2006\/revisions\/2280"}],"wp:attachment":[{"href":"https:\/\/assistenciasupertec.com.br\/paginaprincipal\/wp-json\/wp\/v2\/media?parent=2006"}],"curies":[{"name":"wp","href":"https:\/\/api.w.org\/{rel}","templated":true}]}}